{"id":25,"date":"2025-03-20T10:01:39","date_gmt":"2025-03-20T10:01:39","guid":{"rendered":"http:\/\/kamyczki.7szkola.pl\/?page_id=25"},"modified":"2025-04-03T09:39:06","modified_gmt":"2025-04-03T09:39:06","slug":"strona-tytulowa","status":"publish","type":"page","link":"https:\/\/kamyczki.7szkola.pl\/","title":{"rendered":"Strona Tytu\u0142owa"},"content":{"rendered":"<meta name=\"description\" content=\"Najlepszy blog o Kamieniach\">\n\n<div class=\"wp-block-group alignfull welcome has-global-padding is-layout-constrained wp-container-core-group-is-layout-85993dcc wp-block-group-is-layout-constrained\" style=\"margin-top:0px;padding-top:70px;padding-right:30px;padding-bottom:var(--wp--preset--spacing--x-large);padding-left:30px\">\n<h2 class=\"wp-block-heading has-text-align-center has-max-72-font-size\" style=\"margin-bottom:0px;letter-spacing:-1px\">Kamyczki.<\/h2>\n\n\n\n\n<p class=\"has-text-align-center has-large-font-size\">Po prostu blog o kamieniach<\/p>\n\n\n\n<div class=\"wp-block-buttons is-content-justification-center is-layout-flex wp-container-core-buttons-is-layout-72315a37 wp-block-buttons-is-layout-flex\" style=\"margin-top:30px\">\n<div class=\"wp-block-button has-custom-font-size has-small-font-size\"><a class=\"wp-block-button__link wp-element-button\" href=\"https:\/\/pl.wikipedia.org\/wiki\/Kamie%C5%84_(frakcja)\">Czym s\u0105 kamienie?<\/a><\/div>\n<\/div>\n<\/div>\n\n\n\n<div class=\"wp-block-group alignfull has-base-color has-contrast-background-color has-text-color has-background has-global-padding is-layout-constrained wp-container-core-group-is-layout-2a0966ce wp-block-group-is-layout-constrained\" style=\"margin-top:0;padding-top:var(--wp--preset--spacing--x-large);padding-right:30px;padding-bottom:var(--wp--preset--spacing--x-large);padding-left:30px\">\n<div class=\"wp-block-columns alignwide are-vertically-aligned-center is-style-columns-reverse is-layout-flex wp-container-core-columns-is-layout-28f84493 wp-block-columns-is-layout-flex\">\n<div class=\"wp-block-column is-vertically-aligned-center is-layout-flow wp-block-column-is-layout-flow\">\n<div class=\"wp-block-group has-global-padding is-content-justification-left is-layout-constrained wp-container-core-group-is-layout-67883db5 wp-block-group-is-layout-constrained\">\n<h2 class=\"wp-block-heading has-max-36-font-size\" id=\"text-on-left-image-on-right\">Dlaczego kamienie mog\u0105 zmieni\u0107 TWOJE \u017cycie?<\/h2>\n\n\n\n<p>Kamienie od zawsze stanowi\u0142y fundament istnienia \u2013 s\u0105 nie tylko cz\u0119\u015bci\u0105 natury, lecz tak\u017ce symbolem trwa\u0142o\u015bci, si\u0142y i niezmienno\u015bci. Towarzysz\u0105 cz\u0142owiekowi od zarania dziej\u00f3w, kszta\u0142tuj\u0105c histori\u0119, kultur\u0119 i rozw\u00f3j cywilizacji. W ich surowej prostocie kryje si\u0119 g\u0142\u0119bsze znaczenie \u2013 s\u0105 celem \u017cycia, poniewa\u017c reprezentuj\u0105 to, co wieczne, nieporuszone i fundamentalne dla istnienia \u015bwiata.<\/p>\n<\/div>\n<\/div>\n\n\n\n<div class=\"wp-block-column is-vertically-aligned-center is-layout-flow wp-block-column-is-layout-flow\">\n<figure class=\"wp-block-image size-full is-resized\"><img loading=\"lazy\" decoding=\"async\" width=\"360\" height=\"202\" src=\"http:\/\/kamyczki.7szkola.pl\/wp-content\/uploads\/2025\/02\/kamien.avif\" alt=\"\" class=\"wp-image-27\" style=\"width:585px;height:auto\" srcset=\"https:\/\/kamyczki.7szkola.pl\/wp-content\/uploads\/2025\/02\/kamien.avif 360w, https:\/\/kamyczki.7szkola.pl\/wp-content\/uploads\/2025\/02\/kamien-300x168.avif 300w\" sizes=\"auto, (max-width: 360px) 100vw, 360px\" \/><\/figure>\n<\/div>\n<\/div>\n<\/div>\n\n\n\n<div class=\"wp-block-group alignfull has-global-padding is-layout-constrained wp-container-core-group-is-layout-f5a93283 wp-block-group-is-layout-constrained\" id=\"features\" style=\"margin-top:0;padding-top:var(--wp--preset--spacing--x-large);padding-right:30px;padding-bottom:var(--wp--preset--spacing--x-large);padding-left:30px\">\n<div class=\"wp-block-group has-global-padding is-layout-constrained wp-container-core-group-is-layout-963a3989 wp-block-group-is-layout-constrained\" style=\"padding-bottom:var(--wp--preset--spacing--large)\">\n<h2 class=\"wp-block-heading has-text-align-center has-max-60-font-size\" id=\"text-on-left-image-on-right\" style=\"letter-spacing:-1px\">Najnowsze artyku\u0142y o kamieniach<\/h2>\n\n\n\n<p class=\"has-text-align-center\" style=\"line-height:1.5\"><\/p>\n<\/div>\n\n\n\n<div class=\"wp-block-columns are-vertically-aligned-center is-style-columns-reverse is-layout-flex wp-container-core-columns-is-layout-28f84493 wp-block-columns-is-layout-flex\">\n<div class=\"wp-block-column is-vertically-aligned-center is-layout-flow wp-block-column-is-layout-flow\">\n<div class=\"wp-block-group has-global-padding is-content-justification-left is-layout-constrained wp-container-core-group-is-layout-67883db5 wp-block-group-is-layout-constrained\">\n<h2 class=\"wp-block-heading has-x-large-font-size\" id=\"text-on-left-image-on-right\">Najlepsze kamienie-kt\u00f3ry powiniene\u015b wybra\u0107?<\/h2>\n\n\n\n<p>Czy kiedykolwiek spojrza\u0142e\u015b na kamie\u0144 i pomy\u015bla\u0142e\u015b: \u201eTak, to on, m\u00f3j wybraniec\u201d? Je\u015bli nie, to znak, \u017ce jeszcze nie odnalaz\u0142e\u015b swojego idealnego kamienia. A mo\u017ce to on nie znalaz\u0142 ciebie? W \u015bwiecie, gdzie ludzie \u015bcigaj\u0105 si\u0119 za bogactwem, s\u0142aw\u0105 i nowymi modelami telefon\u00f3w, zapominamy o tym, co naprawd\u0119 wa\u017cne \u2013 o kamieniach. Bo przecie\u017c to one s\u0105 fundamentem istnienia.<\/p>\n\n\n\n<div class=\"wp-block-buttons is-layout-flex wp-block-buttons-is-layout-flex\">\n<div class=\"wp-block-button is-style-fill\"><a class=\"wp-block-button__link wp-element-button\" href=\"https:\/\/kamyczki.7szkola.pl\/index.php\/kamien-dla-ciebie\/\">Czytaj wi\u0119cej\u2192<\/a><\/div>\n<\/div>\n<\/div>\n<\/div>\n\n\n\n<div class=\"wp-block-column is-vertically-aligned-center is-layout-flow wp-block-column-is-layout-flow\">\n<figure class=\"wp-block-image size-full\"><img loading=\"lazy\" decoding=\"async\" width=\"1024\" height=\"1024\" src=\"https:\/\/kamyczki.7szkola.pl\/wp-content\/uploads\/2025\/03\/czarno-bialy-obraz-o-tematyce-_Najlepsze-kamienie-ktory-powinienes-wybrac__.jpg\" alt=\"\" class=\"wp-image-69\" srcset=\"https:\/\/kamyczki.7szkola.pl\/wp-content\/uploads\/2025\/03\/czarno-bialy-obraz-o-tematyce-_Najlepsze-kamienie-ktory-powinienes-wybrac__.jpg 1024w, https:\/\/kamyczki.7szkola.pl\/wp-content\/uploads\/2025\/03\/czarno-bialy-obraz-o-tematyce-_Najlepsze-kamienie-ktory-powinienes-wybrac__-300x300.jpg 300w, https:\/\/kamyczki.7szkola.pl\/wp-content\/uploads\/2025\/03\/czarno-bialy-obraz-o-tematyce-_Najlepsze-kamienie-ktory-powinienes-wybrac__-150x150.jpg 150w, https:\/\/kamyczki.7szkola.pl\/wp-content\/uploads\/2025\/03\/czarno-bialy-obraz-o-tematyce-_Najlepsze-kamienie-ktory-powinienes-wybrac__-768x768.jpg 768w\" sizes=\"auto, (max-width: 1024px) 100vw, 1024px\" \/><\/figure>\n<\/div>\n<\/div>\n\n\n\n<div style=\"height:100px\" aria-hidden=\"true\" class=\"wp-block-spacer\"><\/div>\n\n\n\n<div class=\"wp-block-group alignwide is-layout-flow wp-block-group-is-layout-flow\">\n<div class=\"wp-block-columns are-vertically-aligned-center is-style-columns-reverse is-layout-flex wp-container-core-columns-is-layout-28f84493 wp-block-columns-is-layout-flex\">\n<div class=\"wp-block-column is-vertically-aligned-center is-layout-flow wp-block-column-is-layout-flow\">\n<div class=\"wp-block-group has-global-padding is-content-justification-left is-layout-constrained wp-container-core-group-is-layout-67883db5 wp-block-group-is-layout-constrained\">\n<h2 class=\"wp-block-heading has-x-large-font-size\" id=\"text-on-left-image-on-right\">Jakie kamienie pasuj\u0105 do Twojej osobowo\u015bci? Mineralny horoskop dla poszukiwaczy magii<\/h2>\n\n\n\n<p>Czy kiedykolwiek mia\u0142e\u015b wra\u017cenie, \u017ce jaki\u015b kamie\u0144 dos\u0142ownie \u201ewo\u0142a\u201d do ciebie ze sklepowej p\u00f3\u0142ki? A mo\u017ce znalaz\u0142e\u015b losowy kamyk na ulicy i poczu\u0142e\u015b, \u017ce to przeznaczenie? Mo\u017ce to nie przypadek, tylko g\u0142os wszech\u015bwiata, kt\u00f3ry pr\u00f3buje powiedzie\u0107 ci, jaki minera\u0142 najlepiej odzwierciedla twoj\u0105 dusz\u0119!<\/p>\n\n\n\n<div class=\"wp-block-buttons is-layout-flex wp-block-buttons-is-layout-flex\">\n<div class=\"wp-block-button is-style-fill\"><a class=\"wp-block-button__link wp-element-button\" href=\"https:\/\/kamyczki.7szkola.pl\/index.php\/horoskop\/\">Czytaj wi\u0119cej\u2192<\/a><\/div>\n<\/div>\n<\/div>\n<\/div>\n\n\n\n<div class=\"wp-block-column is-vertically-aligned-center is-layout-flow wp-block-column-is-layout-flow\">\n<figure class=\"wp-block-image size-full\"><img loading=\"lazy\" decoding=\"async\" width=\"1024\" height=\"1024\" src=\"https:\/\/kamyczki.7szkola.pl\/wp-content\/uploads\/2025\/03\/czarno-bialy-obraz-przedstawiajacy-horoskop-kamieniowy-z-jeszcze-wieksza-iloscia-kamieni.jpg\" alt=\"\" class=\"wp-image-68\" srcset=\"https:\/\/kamyczki.7szkola.pl\/wp-content\/uploads\/2025\/03\/czarno-bialy-obraz-przedstawiajacy-horoskop-kamieniowy-z-jeszcze-wieksza-iloscia-kamieni.jpg 1024w, https:\/\/kamyczki.7szkola.pl\/wp-content\/uploads\/2025\/03\/czarno-bialy-obraz-przedstawiajacy-horoskop-kamieniowy-z-jeszcze-wieksza-iloscia-kamieni-300x300.jpg 300w, https:\/\/kamyczki.7szkola.pl\/wp-content\/uploads\/2025\/03\/czarno-bialy-obraz-przedstawiajacy-horoskop-kamieniowy-z-jeszcze-wieksza-iloscia-kamieni-150x150.jpg 150w, https:\/\/kamyczki.7szkola.pl\/wp-content\/uploads\/2025\/03\/czarno-bialy-obraz-przedstawiajacy-horoskop-kamieniowy-z-jeszcze-wieksza-iloscia-kamieni-768x768.jpg 768w\" sizes=\"auto, (max-width: 1024px) 100vw, 1024px\" \/><\/figure>\n<\/div>\n<\/div>\n<\/div>\n\n\n\n<div style=\"height:100px\" aria-hidden=\"true\" class=\"wp-block-spacer\"><\/div>\n\n\n\n<div class=\"wp-block-group alignwide is-layout-flow wp-block-group-is-layout-flow\">\n<div class=\"wp-block-columns are-vertically-aligned-center is-style-columns-reverse is-layout-flex wp-container-core-columns-is-layout-28f84493 wp-block-columns-is-layout-flex\">\n<div class=\"wp-block-column is-vertically-aligned-center is-layout-flow wp-block-column-is-layout-flow\">\n<div class=\"wp-block-group has-global-padding is-content-justification-left is-layout-constrained wp-container-core-group-is-layout-67883db5 wp-block-group-is-layout-constrained\">\n<h2 class=\"wp-block-heading has-x-large-font-size\" id=\"text-on-left-image-on-right\">Najsmaczniejsze kamienie \u2013 kulinarny przewodnik po minera\u0142ach, kt\u00f3re (teoretycznie) mo\u017cesz zje\u015b\u0107<\/h2>\n\n\n\n<p>Czy zastanawia\u0142e\u015b si\u0119 kiedy\u015b, jak smakuj\u0105 kamienie? Nie? To dziwne, bo my tak. Oczywi\u015bcie, niekt\u00f3re mog\u0105 nie by\u0107 najlepszym wyborem do podgryzania (chyba \u017ce masz z\u0119by z tytanu), ale istniej\u0105 minera\u0142y, kt\u00f3re wygl\u0105daj\u0105 tak apetycznie, \u017ce a\u017c chcia\u0142oby si\u0119 je schrupa\u0107.<\/p>\n\n\n\n<div class=\"wp-block-buttons is-layout-flex wp-block-buttons-is-layout-flex\">\n<div class=\"wp-block-button is-style-fill\"><a class=\"wp-block-button__link wp-element-button\" href=\"https:\/\/kamyczki.7szkola.pl\/index.php\/najsmaczniejsze-kamienie\/\">Czytaj wi\u0119cej\u2192<\/a><\/div>\n<\/div>\n<\/div>\n<\/div>\n\n\n\n<div class=\"wp-block-column is-vertically-aligned-center is-layout-flow wp-block-column-is-layout-flow\">\n<figure class=\"wp-block-image size-full\"><img loading=\"lazy\" decoding=\"async\" width=\"1024\" height=\"1024\" src=\"https:\/\/kamyczki.7szkola.pl\/wp-content\/uploads\/2025\/03\/DALL\u00b7E-2025-03-20-10.24.00-A-muscular-man-with-a-chiseled-jawline-eating-a-large-pile-of-rocks-with-great-enjoyment.-The-image-is-black-and-white-emphasizing-strong-contrasts-a.webp\" alt=\"\" class=\"wp-image-67\" srcset=\"https:\/\/kamyczki.7szkola.pl\/wp-content\/uploads\/2025\/03\/DALL\u00b7E-2025-03-20-10.24.00-A-muscular-man-with-a-chiseled-jawline-eating-a-large-pile-of-rocks-with-great-enjoyment.-The-image-is-black-and-white-emphasizing-strong-contrasts-a.webp 1024w, https:\/\/kamyczki.7szkola.pl\/wp-content\/uploads\/2025\/03\/DALL\u00b7E-2025-03-20-10.24.00-A-muscular-man-with-a-chiseled-jawline-eating-a-large-pile-of-rocks-with-great-enjoyment.-The-image-is-black-and-white-emphasizing-strong-contrasts-a-300x300.webp 300w, https:\/\/kamyczki.7szkola.pl\/wp-content\/uploads\/2025\/03\/DALL\u00b7E-2025-03-20-10.24.00-A-muscular-man-with-a-chiseled-jawline-eating-a-large-pile-of-rocks-with-great-enjoyment.-The-image-is-black-and-white-emphasizing-strong-contrasts-a-150x150.webp 150w, https:\/\/kamyczki.7szkola.pl\/wp-content\/uploads\/2025\/03\/DALL\u00b7E-2025-03-20-10.24.00-A-muscular-man-with-a-chiseled-jawline-eating-a-large-pile-of-rocks-with-great-enjoyment.-The-image-is-black-and-white-emphasizing-strong-contrasts-a-768x768.webp 768w\" sizes=\"auto, (max-width: 1024px) 100vw, 1024px\" \/><\/figure>\n<\/div>\n<\/div>\n<\/div>\n\n\n\n<div style=\"height:100px\" aria-hidden=\"true\" class=\"wp-block-spacer\"><\/div>\n\n\n\n<div class=\"wp-block-group alignwide is-layout-flow wp-block-group-is-layout-flow\">\n<div class=\"wp-block-columns are-vertically-aligned-center is-style-columns-reverse is-layout-flex wp-container-core-columns-is-layout-28f84493 wp-block-columns-is-layout-flex\">\n<div class=\"wp-block-column is-vertically-aligned-center is-layout-flow wp-block-column-is-layout-flow\">\n<div class=\"wp-block-group has-global-padding is-content-justification-left is-layout-constrained wp-container-core-group-is-layout-67883db5 wp-block-group-is-layout-constrained\">\n<h2 class=\"wp-block-heading has-x-large-font-size\" id=\"text-on-left-image-on-right\">Czy Tw\u00f3j Kamie\u0144 Ma Dusz\u0119? Mistyczny Przewodnik po Duchowych \u017byciach G\u0142az\u00f3w<\/h2>\n\n\n\n<p>Kamienie \u2013 odwieczni stra\u017cnicy ziemi, niemilcz\u0105cy \u015bwiadkowie historii i prawdopodobnie najbardziej cierpliwe istoty na tej planecie. Ale czy kiedykolwiek spojrza\u0142e\u015b na sw\u00f3j ulubiony kamie\u0144 i poczu\u0142e\u015b\u2026 \u017ce on te\u017c na ciebie patrzy? Mo\u017ce nawet os\u0105dza ci\u0119 za to, \u017ce nie odkurzasz regularnie parapetu, na kt\u00f3rym le\u017cy?<\/p>\n\n\n\n<div class=\"wp-block-buttons is-layout-flex wp-block-buttons-is-layout-flex\">\n<div class=\"wp-block-button is-style-fill\"><a class=\"wp-block-button__link wp-element-button\" href=\"https:\/\/kamyczki.7szkola.pl\/index.php\/czy-twoj-kamien-ma-dusze\/\">Czytaj wi\u0119cej\u2192<\/a><\/div>\n<\/div>\n<\/div>\n<\/div>\n\n\n\n<div class=\"wp-block-column is-vertically-aligned-center is-layout-flow wp-block-column-is-layout-flow\">\n<figure class=\"wp-block-image size-full\"><img loading=\"lazy\" decoding=\"async\" width=\"1024\" height=\"1024\" src=\"https:\/\/kamyczki.7szkola.pl\/wp-content\/uploads\/2025\/03\/czarno-bialy-obraz-przedstawiajacy-mistyczny-przewodnik-po-zyciu-duchowym-glazow.jpg\" alt=\"\" class=\"wp-image-72\" srcset=\"https:\/\/kamyczki.7szkola.pl\/wp-content\/uploads\/2025\/03\/czarno-bialy-obraz-przedstawiajacy-mistyczny-przewodnik-po-zyciu-duchowym-glazow.jpg 1024w, https:\/\/kamyczki.7szkola.pl\/wp-content\/uploads\/2025\/03\/czarno-bialy-obraz-przedstawiajacy-mistyczny-przewodnik-po-zyciu-duchowym-glazow-300x300.jpg 300w, https:\/\/kamyczki.7szkola.pl\/wp-content\/uploads\/2025\/03\/czarno-bialy-obraz-przedstawiajacy-mistyczny-przewodnik-po-zyciu-duchowym-glazow-150x150.jpg 150w, https:\/\/kamyczki.7szkola.pl\/wp-content\/uploads\/2025\/03\/czarno-bialy-obraz-przedstawiajacy-mistyczny-przewodnik-po-zyciu-duchowym-glazow-768x768.jpg 768w\" sizes=\"auto, (max-width: 1024px) 100vw, 1024px\" \/><\/figure>\n<\/div>\n<\/div>\n<\/div>\n\n\n\n<div style=\"height:100px\" aria-hidden=\"true\" class=\"wp-block-spacer\"><\/div>\n\n\n\n<div class=\"wp-block-group alignwide is-layout-flow wp-block-group-is-layout-flow\">\n<div class=\"wp-block-columns are-vertically-aligned-center is-style-columns-reverse is-layout-flex wp-container-core-columns-is-layout-28f84493 wp-block-columns-is-layout-flex\">\n<div class=\"wp-block-column is-vertically-aligned-center is-layout-flow wp-block-column-is-layout-flow\">\n<div class=\"wp-block-group has-global-padding is-content-justification-left is-layout-constrained wp-container-core-group-is-layout-67883db5 wp-block-group-is-layout-constrained\">\n<h2 class=\"wp-block-heading has-x-large-font-size\" id=\"text-on-left-image-on-right\">Kamienna Moda: Jak Noszenie Odpowiednich Minera\u0142\u00f3w Mo\u017ce Zmieni\u0107 Tw\u00f3j Los<\/h2>\n\n\n\n<p>\u015awiat mody dzieli si\u0119 na dwie grupy: ludzi, kt\u00f3rzy \u015bledz\u0105 najnowsze trendy, i tych, kt\u00f3rzy nie wiedz\u0105, czy d\u017cinsy z niskim stanem wr\u00f3ci\u0142y do \u0142ask, czy s\u0105 nadal spo\u0142ecznym faux pas. Ale jest jeszcze trzecia, bardziej mistyczna grupa \u2013 ci, kt\u00f3rzy wiedz\u0105, \u017ce najlepszym dodatkiem nie jest ani zegarek, ani luksusowa torebka, lecz odpowiednio dobrany kamie\u0144.<\/p>\n\n\n\n<div class=\"wp-block-buttons is-layout-flex wp-block-buttons-is-layout-flex\">\n<div class=\"wp-block-button is-style-fill\"><a class=\"wp-block-button__link wp-element-button\" href=\"https:\/\/kamyczki.7szkola.pl\/index.php\/kamienna-moda\/\">Czytaj wi\u0119cej\u2192<\/a><\/div>\n<\/div>\n<\/div>\n<\/div>\n\n\n\n<div class=\"wp-block-column is-vertically-aligned-center is-layout-flow wp-block-column-is-layout-flow\">\n<figure class=\"wp-block-image size-full\"><img loading=\"lazy\" decoding=\"async\" width=\"1024\" height=\"1024\" src=\"https:\/\/kamyczki.7szkola.pl\/wp-content\/uploads\/2025\/03\/bialo-czarny-obraz-czlowieka-w-koszuli-z-kamieni-i-spodniach-z-kamieni.jpg\" alt=\"\" class=\"wp-image-90\" srcset=\"https:\/\/kamyczki.7szkola.pl\/wp-content\/uploads\/2025\/03\/bialo-czarny-obraz-czlowieka-w-koszuli-z-kamieni-i-spodniach-z-kamieni.jpg 1024w, https:\/\/kamyczki.7szkola.pl\/wp-content\/uploads\/2025\/03\/bialo-czarny-obraz-czlowieka-w-koszuli-z-kamieni-i-spodniach-z-kamieni-300x300.jpg 300w, https:\/\/kamyczki.7szkola.pl\/wp-content\/uploads\/2025\/03\/bialo-czarny-obraz-czlowieka-w-koszuli-z-kamieni-i-spodniach-z-kamieni-150x150.jpg 150w, https:\/\/kamyczki.7szkola.pl\/wp-content\/uploads\/2025\/03\/bialo-czarny-obraz-czlowieka-w-koszuli-z-kamieni-i-spodniach-z-kamieni-768x768.jpg 768w\" sizes=\"auto, (max-width: 1024px) 100vw, 1024px\" \/><\/figure>\n<\/div>\n<\/div>\n<\/div>\n<\/div>\n\n\n\n<div class=\"wp-block-group alignfull has-background-color has-base-color has-contrast-background-color has-text-color has-background has-link-color has-small-font-size wp-elements-7b7097786e937c49e5876c3a6b5fbfd5 has-global-padding is-layout-constrained wp-container-core-group-is-layout-9793d670 wp-block-group-is-layout-constrained\" style=\"margin-top:0px;padding-top:var(--wp--preset--spacing--small);padding-right:30px;padding-bottom:var(--wp--preset--spacing--small);padding-left:30px\">\n<div class=\"wp-block-group alignwide is-content-justification-space-between is-layout-flex wp-container-core-group-is-layout-6c756ad3 wp-block-group-is-layout-flex\">\n<p>\u00a9 2025 Kamyczki LLC<\/p>\n\n\n\n<p><a href=\"http:\/\/kamyczki.7szkola.pl\/?page_id=32&amp;preview=true\" data-type=\"link\" data-id=\"http:\/\/kamyczki.7szkola.pl\/?page_id=32&amp;preview=true\">Polityka prywatno\u015bci<\/a> \u00b7 <a href=\"mailto:kamyczki@gmail.com\n\">Skontaktuj si\u0119 z nami!<\/a><\/p>\n\n\n\n<ul class=\"wp-block-social-links has-icon-color has-icon-background-color is-style-default is-layout-flex wp-container-core-social-links-is-layout-d321a7f2 wp-block-social-links-is-layout-flex\"><li style=\"color:#000;background-color:#fff;\" class=\"wp-social-link wp-social-link-facebook has-contrast-color has-base-background-color wp-block-social-link\"><a href=\"https:\/\/www.facebook.com\/groups\/555702945342044\/media\" class=\"wp-block-social-link-anchor\"><svg width=\"24\" height=\"24\" viewBox=\"0 0 24 24\" version=\"1.1\" xmlns=\"http:\/\/www.w3.org\/2000\/svg\" aria-hidden=\"true\" focusable=\"false\"><path d=\"M12 2C6.5 2 2 6.5 2 12c0 5 3.7 9.1 8.4 9.9v-7H7.9V12h2.5V9.8c0-2.5 1.5-3.9 3.8-3.9 1.1 0 2.2.2 2.2.2v2.5h-1.3c-1.2 0-1.6.8-1.6 1.6V12h2.8l-.4 2.9h-2.3v7C18.3 21.1 22 17 22 12c0-5.5-4.5-10-10-10z\"><\/path><\/svg><span class=\"wp-block-social-link-label screen-reader-text\">Facebook<\/span><\/a><\/li>\n\n<li style=\"color:#000;background-color:#fff;\" class=\"wp-social-link wp-social-link-twitter has-contrast-color has-base-background-color wp-block-social-link\"><a href=\"https:\/\/x.com\/KamyczkiPL\" class=\"wp-block-social-link-anchor\"><svg width=\"24\" height=\"24\" viewBox=\"0 0 24 24\" version=\"1.1\" xmlns=\"http:\/\/www.w3.org\/2000\/svg\" aria-hidden=\"true\" focusable=\"false\"><path d=\"M22.23,5.924c-0.736,0.326-1.527,0.547-2.357,0.646c0.847-0.508,1.498-1.312,1.804-2.27 c-0.793,0.47-1.671,0.812-2.606,0.996C18.324,4.498,17.257,4,16.077,4c-2.266,0-4.103,1.837-4.103,4.103 c0,0.322,0.036,0.635,0.106,0.935C8.67,8.867,5.647,7.234,3.623,4.751C3.27,5.357,3.067,6.062,3.067,6.814 c0,1.424,0.724,2.679,1.825,3.415c-0.673-0.021-1.305-0.206-1.859-0.513c0,0.017,0,0.034,0,0.052c0,1.988,1.414,3.647,3.292,4.023 c-0.344,0.094-0.707,0.144-1.081,0.144c-0.264,0-0.521-0.026-0.772-0.074c0.522,1.63,2.038,2.816,3.833,2.85 c-1.404,1.1-3.174,1.756-5.096,1.756c-0.331,0-0.658-0.019-0.979-0.057c1.816,1.164,3.973,1.843,6.29,1.843 c7.547,0,11.675-6.252,11.675-11.675c0-0.178-0.004-0.355-0.012-0.531C20.985,7.47,21.68,6.747,22.23,5.924z\"><\/path><\/svg><span class=\"wp-block-social-link-label screen-reader-text\">Twitter<\/span><\/a><\/li>\n\n<li style=\"color:#000;background-color:#fff;\" class=\"wp-social-link wp-social-link-instagram has-contrast-color has-base-background-color wp-block-social-link\"><a href=\"https:\/\/www.instagram.com\/kamyczkipolska\/\" class=\"wp-block-social-link-anchor\"><svg width=\"24\" height=\"24\" viewBox=\"0 0 24 24\" version=\"1.1\" xmlns=\"http:\/\/www.w3.org\/2000\/svg\" aria-hidden=\"true\" focusable=\"false\"><path d=\"M12,4.622c2.403,0,2.688,0.009,3.637,0.052c0.877,0.04,1.354,0.187,1.671,0.31c0.42,0.163,0.72,0.358,1.035,0.673 c0.315,0.315,0.51,0.615,0.673,1.035c0.123,0.317,0.27,0.794,0.31,1.671c0.043,0.949,0.052,1.234,0.052,3.637 s-0.009,2.688-0.052,3.637c-0.04,0.877-0.187,1.354-0.31,1.671c-0.163,0.42-0.358,0.72-0.673,1.035 c-0.315,0.315-0.615,0.51-1.035,0.673c-0.317,0.123-0.794,0.27-1.671,0.31c-0.949,0.043-1.233,0.052-3.637,0.052 s-2.688-0.009-3.637-0.052c-0.877-0.04-1.354-0.187-1.671-0.31c-0.42-0.163-0.72-0.358-1.035-0.673 c-0.315-0.315-0.51-0.615-0.673-1.035c-0.123-0.317-0.27-0.794-0.31-1.671C4.631,14.688,4.622,14.403,4.622,12 s0.009-2.688,0.052-3.637c0.04-0.877,0.187-1.354,0.31-1.671c0.163-0.42,0.358-0.72,0.673-1.035 c0.315-0.315,0.615-0.51,1.035-0.673c0.317-0.123,0.794-0.27,1.671-0.31C9.312,4.631,9.597,4.622,12,4.622 M12,3 C9.556,3,9.249,3.01,8.289,3.054C7.331,3.098,6.677,3.25,6.105,3.472C5.513,3.702,5.011,4.01,4.511,4.511 c-0.5,0.5-0.808,1.002-1.038,1.594C3.25,6.677,3.098,7.331,3.054,8.289C3.01,9.249,3,9.556,3,12c0,2.444,0.01,2.751,0.054,3.711 c0.044,0.958,0.196,1.612,0.418,2.185c0.23,0.592,0.538,1.094,1.038,1.594c0.5,0.5,1.002,0.808,1.594,1.038 c0.572,0.222,1.227,0.375,2.185,0.418C9.249,20.99,9.556,21,12,21s2.751-0.01,3.711-0.054c0.958-0.044,1.612-0.196,2.185-0.418 c0.592-0.23,1.094-0.538,1.594-1.038c0.5-0.5,0.808-1.002,1.038-1.594c0.222-0.572,0.375-1.227,0.418-2.185 C20.99,14.751,21,14.444,21,12s-0.01-2.751-0.054-3.711c-0.044-0.958-0.196-1.612-0.418-2.185c-0.23-0.592-0.538-1.094-1.038-1.594 c-0.5-0.5-1.002-0.808-1.594-1.038c-0.572-0.222-1.227-0.375-2.185-0.418C14.751,3.01,14.444,3,12,3L12,3z M12,7.378 c-2.552,0-4.622,2.069-4.622,4.622S9.448,16.622,12,16.622s4.622-2.069,4.622-4.622S14.552,7.378,12,7.378z M12,15 c-1.657,0-3-1.343-3-3s1.343-3,3-3s3,1.343,3,3S13.657,15,12,15z M16.804,6.116c-0.596,0-1.08,0.484-1.08,1.08 s0.484,1.08,1.08,1.08c0.596,0,1.08-0.484,1.08-1.08S17.401,6.116,16.804,6.116z\"><\/path><\/svg><span class=\"wp-block-social-link-label screen-reader-text\">Instagram<\/span><\/a><\/li><\/ul>\n<\/div>\n<\/div>\n\n\n\n<p><\/p>\n","protected":false},"excerpt":{"rendered":"<p>Kamyczki. Po prostu blog o kamieniach Dlaczego kamienie mog\u0105 zmieni\u0107 TWOJE \u017cycie? Kamienie od zawsze stanowi\u0142y fundament istnienia \u2013 s\u0105 nie tylko cz\u0119\u015bci\u0105 natury, lecz tak\u017ce symbolem trwa\u0142o\u015bci, si\u0142y i niezmienno\u015bci. Towarzysz\u0105 cz\u0142owiekowi od zarania dziej\u00f3w, kszta\u0142tuj\u0105c histori\u0119, kultur\u0119 i rozw\u00f3j cywilizacji. W ich surowej prostocie kryje si\u0119 g\u0142\u0119bsze znaczenie \u2013 s\u0105 celem \u017cycia, poniewa\u017c [&hellip;]<\/p>\n","protected":false},"author":1,"featured_media":0,"parent":0,"menu_order":0,"comment_status":"closed","ping_status":"closed","template":"","meta":{"footnotes":""},"class_list":["post-25","page","type-page","status-publish","hentry"],"_links":{"self":[{"href":"https:\/\/kamyczki.7szkola.pl\/index.php\/wp-json\/wp\/v2\/pages\/25","targetHints":{"allow":["GET"]}}],"collection":[{"href":"https:\/\/kamyczki.7szkola.pl\/index.php\/wp-json\/wp\/v2\/pages"}],"about":[{"href":"https:\/\/kamyczki.7szkola.pl\/index.php\/wp-json\/wp\/v2\/types\/page"}],"author":[{"embeddable":true,"href":"https:\/\/kamyczki.7szkola.pl\/index.php\/wp-json\/wp\/v2\/users\/1"}],"replies":[{"embeddable":true,"href":"https:\/\/kamyczki.7szkola.pl\/index.php\/wp-json\/wp\/v2\/comments?post=25"}],"version-history":[{"count":16,"href":"https:\/\/kamyczki.7szkola.pl\/index.php\/wp-json\/wp\/v2\/pages\/25\/revisions"}],"predecessor-version":[{"id":100,"href":"https:\/\/kamyczki.7szkola.pl\/index.php\/wp-json\/wp\/v2\/pages\/25\/revisions\/100"}],"wp:attachment":[{"href":"https:\/\/kamyczki.7szkola.pl\/index.php\/wp-json\/wp\/v2\/media?parent=25"}],"curies":[{"name":"wp","href":"https:\/\/api.w.org\/{rel}","templated":true}]}}